{"id":2,"date":"2015-02-21T11:49:21","date_gmt":"2015-02-21T11:49:21","guid":{"rendered":"https:\/\/jardineriaoliva.com\/blog\/?page_id=2"},"modified":"2015-02-21T18:02:48","modified_gmt":"2015-02-21T18:02:48","slug":"pagina-ejemplo","status":"publish","type":"page","link":"https:\/\/jardineriaoliva.com\/blog\/?page_id=2","title":{"rendered":"Servicios"},"content":{"rendered":"<p><strong>Oliva Medio Ambiente y Servicios<\/strong> es una empresa que se dedica a la realizaci\u00f3n de multitud de trabajos relacionados con la jardiner\u00eda residencial y p\u00fablica, el paisajismo, los trabajos forestales y medioambientales, la urbanizaci\u00f3n y peque\u00f1as obras de construcci\u00f3n, entre otras.<\/p>\n<p>Con vivero propio de m\u00e1s de tres hect\u00e1reas, disponemos de arbolado en contenedor, planta ornamental, con\u00edferas ejemplares, olivos milenarios&#8230;<\/p>\n<p>Trabajamos tanto con clientes <strong>particulares<\/strong> como con <strong>empresas<\/strong> y <strong>Administraciones<\/strong>, desarrollando labores como mantenimiento de jardiner\u00eda y piscinas, cercados r\u00fasticos y met\u00e1licos, ajardinamientos, plantaciones, instalaci\u00f3n de sistemas de riego, recuperaciones medioambientales, podas, tratamientos silv\u00edcolas, urbanizaciones&#8230;<\/p>\n<p>Puede descargar nuestra carta de servicios en PDF <a title=\"Carta de Servicios\" href=\"https:\/\/jardineriaoliva.com\/blog\/subidas\/Carta_Servicios_PDF.pdf\">aqu\u00ed.<\/a><\/p>\n<p>Tambi\u00e9n le recomendamos que navegue por las entradas de nuestro blog para observar ejemplos de trabajos realizados.<\/p>\n","protected":false},"excerpt":{"rendered":"<p>Oliva Medio Ambiente y Servicios es una empresa que se dedica a la realizaci\u00f3n de multitud de trabajos relacionados con la jardiner\u00eda residencial y p\u00fablica, el paisajismo, los trabajos forestales y medioambientales, la urbanizaci\u00f3n y peque\u00f1as obras de construcci\u00f3n, entre otras. Con vivero propio de m\u00e1s de tres hect\u00e1reas, disponemos de arbolado en contenedor, planta [&hellip;]<\/p>\n","protected":false},"author":1,"featured_media":53,"parent":0,"menu_order":0,"comment_status":"open","ping_status":"open","template":"","meta":{"footnotes":""},"class_list":["post-2","page","type-page","status-publish","has-post-thumbnail","hentry"],"_links":{"self":[{"href":"https:\/\/jardineriaoliva.com\/blog\/index.php?rest_route=\/wp\/v2\/pages\/2","targetHints":{"allow":["GET"]}}],"collection":[{"href":"https:\/\/jardineriaoliva.com\/blog\/index.php?rest_route=\/wp\/v2\/pages"}],"about":[{"href":"https:\/\/jardineriaoliva.com\/blog\/index.php?rest_route=\/wp\/v2\/types\/page"}],"author":[{"embeddable":true,"href":"https:\/\/jardineriaoliva.com\/blog\/index.php?rest_route=\/wp\/v2\/users\/1"}],"replies":[{"embeddable":true,"href":"https:\/\/jardineriaoliva.com\/blog\/index.php?rest_route=%2Fwp%2Fv2%2Fcomments&post=2"}],"version-history":[{"count":2,"href":"https:\/\/jardineriaoliva.com\/blog\/index.php?rest_route=\/wp\/v2\/pages\/2\/revisions"}],"predecessor-version":[{"id":45,"href":"https:\/\/jardineriaoliva.com\/blog\/index.php?rest_route=\/wp\/v2\/pages\/2\/revisions\/45"}],"wp:featuredmedia":[{"embeddable":true,"href":"https:\/\/jardineriaoliva.com\/blog\/index.php?rest_route=\/wp\/v2\/media\/53"}],"wp:attachment":[{"href":"https:\/\/jardineriaoliva.com\/blog\/index.php?rest_route=%2Fwp%2Fv2%2Fmedia&parent=2"}],"curies":[{"name":"wp","href":"https:\/\/api.w.org\/{rel}","templated":true}]}}